{"id":1271,"date":"2021-09-09T13:41:50","date_gmt":"2021-09-09T13:41:50","guid":{"rendered":"http:\/\/spab-rice.com\/wordpress\/mogi\/demo\/?page_id=1271"},"modified":"2022-02-24T12:07:44","modified_gmt":"2022-02-24T11:07:44","slug":"home-creative","status":"publish","type":"page","link":"https:\/\/lolosanto.com\/","title":{"rendered":"Home (Creative)"},"content":{"rendered":"\t\t<div data-elementor-type=\"wp-page\" data-elementor-id=\"1271\" class=\"elementor elementor-1271\" data-elementor-settings=\"[]\">\n\t\t\t\t\t\t\t<div class=\"elementor-section-wrap\">\n\t\t\t\t\t\t\t<section class=\"elementor-section elementor-top-section elementor-element elementor-element-06d0532 elementor-section-content-top elementor-section-boxed elementor-section-height-default elementor-section-height-default\" data-id=\"06d0532\" data-element_type=\"section\">\n\t\t\t\t\t\t<div class=\"elementor-container elementor-column-gap-no\">\n\t\t\t\t\t<div class=\"elementor-column elementor-col-100 elementor-top-column elementor-element elementor-element-28880f5\" data-id=\"28880f5\" data-element_type=\"column\">\n\t\t\t<div class=\"elementor-widget-wrap elementor-element-populated\">\n\t\t\t\t\t\t\t\t<div class=\"elementor-element elementor-element-c392d88 elementor-widget__width-initial elementor-absolute elementor-widget elementor-widget-heading\" data-id=\"c392d88\" data-element_type=\"widget\" data-settings=\"{&quot;_position&quot;:&quot;absolute&quot;}\" data-widget_type=\"heading.default\">\n\t\t\t\t<div class=\"elementor-widget-container\">\n\t\t\t<style>\/*! elementor - v3.5.5 - 03-02-2022 *\/\n.elementor-heading-title{padding:0;margin:0;line-height:1}.elementor-widget-heading .elementor-heading-title[class*=elementor-size-]>a{color:inherit;font-size:inherit;line-height:inherit}.elementor-widget-heading .elementor-heading-title.elementor-size-small{font-size:15px}.elementor-widget-heading .elementor-heading-title.elementor-size-medium{font-size:19px}.elementor-widget-heading .elementor-heading-title.elementor-size-large{font-size:29px}.elementor-widget-heading .elementor-heading-title.elementor-size-xl{font-size:39px}.elementor-widget-heading .elementor-heading-title.elementor-size-xxl{font-size:59px}<\/style><h1 class=\"elementor-heading-title elementor-size-default\"><strong>Hello ! <br>Welcome to <br>my creative <br> portfolio<\/strong><\/h1>\t\t<\/div>\n\t\t\t\t<\/div>\n\t\t\t\t<div class=\"elementor-element elementor-element-5477c2a elementor-widget__width-auto elementor-absolute elementor-widget elementor-widget-image\" data-id=\"5477c2a\" data-element_type=\"widget\" data-settings=\"{&quot;_position&quot;:&quot;absolute&quot;}\" data-widget_type=\"image.default\">\n\t\t\t\t<div class=\"elementor-widget-container\">\n\t\t\t<style>\/*! elementor - v3.5.5 - 03-02-2022 *\/\n.elementor-widget-image{text-align:center}.elementor-widget-image a{display:inline-block}.elementor-widget-image a img[src$=\".svg\"]{width:48px}.elementor-widget-image img{vertical-align:middle;display:inline-block}<\/style>\t\t\t\t\t\t\t\t\t\t\t\t<img loading=\"lazy\" decoding=\"async\" width=\"150\" height=\"150\" src=\"https:\/\/lolosanto.com\/wp-content\/uploads\/2022\/02\/icon-150x150.png\" class=\"attachment-thumbnail size-thumbnail\" alt=\"\" srcset=\"https:\/\/lolosanto.com\/wp-content\/uploads\/2022\/02\/icon-150x150.png 150w, https:\/\/lolosanto.com\/wp-content\/uploads\/2022\/02\/icon-300x300.png 300w, https:\/\/lolosanto.com\/wp-content\/uploads\/2022\/02\/icon-1024x1024.png 1024w, https:\/\/lolosanto.com\/wp-content\/uploads\/2022\/02\/icon-768x768.png 768w, https:\/\/lolosanto.com\/wp-content\/uploads\/2022\/02\/icon-320x320.png 320w, https:\/\/lolosanto.com\/wp-content\/uploads\/2022\/02\/icon-640x640.png 640w, https:\/\/lolosanto.com\/wp-content\/uploads\/2022\/02\/icon-960x960.png 960w, https:\/\/lolosanto.com\/wp-content\/uploads\/2022\/02\/icon.png 1134w\" sizes=\"auto, (max-width: 150px) 100vw, 150px\" \/>\t\t\t\t\t\t\t\t\t\t\t\t\t\t\t<\/div>\n\t\t\t\t<\/div>\n\t\t\t\t\t<\/div>\n\t\t<\/div>\n\t\t\t\t\t\t\t<\/div>\n\t\t<\/section>\n\t\t\t\t<section class=\"elementor-section elementor-top-section elementor-element elementor-element-10804c6 elementor-section-boxed elementor-section-height-default elementor-section-height-default\" data-id=\"10804c6\" data-element_type=\"section\">\n\t\t\t\t\t\t<div class=\"elementor-container elementor-column-gap-default\">\n\t\t\t\t\t<div class=\"elementor-column elementor-col-100 elementor-top-column elementor-element elementor-element-34c2a44\" data-id=\"34c2a44\" data-element_type=\"column\">\n\t\t\t<div class=\"elementor-widget-wrap elementor-element-populated\">\n\t\t\t\t\t\t\t\t<div class=\"elementor-element elementor-element-e2058ae elementor-widget elementor-widget-spacer\" data-id=\"e2058ae\" data-element_type=\"widget\" data-widget_type=\"spacer.default\">\n\t\t\t\t<div class=\"elementor-widget-container\">\n\t\t\t\t\t<div class=\"elementor-spacer\">\n\t\t\t<div class=\"elementor-spacer-inner\"><\/div>\n\t\t<\/div>\n\t\t\t\t<\/div>\n\t\t\t\t<\/div>\n\t\t\t\t\t<\/div>\n\t\t<\/div>\n\t\t\t\t\t\t\t<\/div>\n\t\t<\/section>\n\t\t\t\t<section class=\"elementor-section elementor-top-section elementor-element elementor-element-3a4ed35 elementor-section-boxed elementor-section-height-default elementor-section-height-default\" data-id=\"3a4ed35\" data-element_type=\"section\">\n\t\t\t\t\t\t<div class=\"elementor-container elementor-column-gap-default\">\n\t\t\t\t\t<div class=\"elementor-column elementor-col-100 elementor-top-column elementor-element elementor-element-3b3a373\" data-id=\"3b3a373\" data-element_type=\"column\">\n\t\t\t<div class=\"elementor-widget-wrap elementor-element-populated\">\n\t\t\t\t\t\t\t\t<div class=\"elementor-element elementor-element-acd1e87 elementor-widget elementor-widget-spacer\" data-id=\"acd1e87\" data-element_type=\"widget\" data-widget_type=\"spacer.default\">\n\t\t\t\t<div class=\"elementor-widget-container\">\n\t\t\t\t\t<div class=\"elementor-spacer\">\n\t\t\t<div class=\"elementor-spacer-inner\"><\/div>\n\t\t<\/div>\n\t\t\t\t<\/div>\n\t\t\t\t<\/div>\n\t\t\t\t\t<\/div>\n\t\t<\/div>\n\t\t\t\t\t\t\t<\/div>\n\t\t<\/section>\n\t\t\t\t<section class=\"elementor-section elementor-top-section elementor-element elementor-element-f80676b elementor-section-height-min-height elementor-section-boxed elementor-section-height-default elementor-section-items-middle\" data-id=\"f80676b\" data-element_type=\"section\">\n\t\t\t\t\t\t<div class=\"elementor-container elementor-column-gap-default\">\n\t\t\t\t\t<div class=\"elementor-column elementor-col-100 elementor-top-column elementor-element elementor-element-d02119c\" data-id=\"d02119c\" data-element_type=\"column\">\n\t\t\t<div class=\"elementor-widget-wrap elementor-element-populated\">\n\t\t\t\t\t\t\t\t<div class=\"elementor-element elementor-element-e9cebff elementor-widget__width-initial elementor-widget elementor-widget-sr-widget-portfolio\" data-id=\"e9cebff\" data-element_type=\"widget\" data-widget_type=\"sr-widget-portfolio.default\">\n\t\t\t\t<div class=\"elementor-widget-container\">\n\t\t\t\t<div id=\"sr-grid-1-filter\" class=\"sr-grid-filter open-ul align-center\" data-related-grid=\"sr-grid-1\">\n\t\t\t\t\t\t<h6 class=\"filter-title widget-title\"><a href=\"#\"><span class=\"text\">Filter<\/span><span class=\"icon\"><svg xmlns=\"http:\/\/www.w3.org\/2000\/svg\" viewBox=\"0 0 24 24\"><polygon points=\"22.3,3.8 20,1.5 11.8,9.7 3.7,1.5 1.4,3.8 9.5,12 1.4,20.1 3.7,22.4 11.8,14.3 20,22.4 22.3,20.1 14.1,12 \"\/><\/svg><\/span><\/a><\/h6>\n\t\t\t\t\t\t<ul id=\"grid-filter1\" class=\"category-list grid-filter\" data-related-grid=\"sr-grid-1\"><li class=\"active\" ><a data-filter=\"|filtercategory=8,7,5\" data-shortcode=\"sr-portfolioitems\" title=\"Everything\">Everything<\/a><\/li><li><a data-filter=\"|filtercategory=8\" data-slug=\"digital\" data-shortcode=\"sr-portfolioitems\" href=\"https:\/\/lolosanto.com\/index.php\/portfolio_category\/digital\/\" title=\"Digital\">Digital<\/a><\/li><li><a data-filter=\"|filtercategory=7\" data-slug=\"illustration\" data-shortcode=\"sr-portfolioitems\" href=\"https:\/\/lolosanto.com\/index.php\/portfolio_category\/illustration\/\" title=\"Illustration\">Illustration<\/a><\/li><li><a data-filter=\"|filtercategory=5\" data-slug=\"print\" data-shortcode=\"sr-portfolioitems\" href=\"https:\/\/lolosanto.com\/index.php\/portfolio_category\/print\/\" title=\"Print\">Print<\/a><\/li><\/ul>\n\t\t\t\t\t<\/div><div id=\"sr-grid-1\" class=\"sr-grid sr-grid-portfolio sr-grid-column sr-grid-not-spaced style-column-3 caption-force\" data-options=\"gridstyle=column|gridcrop=1|gridratio=1:1|gridspaced=not-spaced|gridunveil=do-anim|gridlazy=|filtershow=all|filtercategory=|filteritems=|filtercount=12|filterenable=1|filteralign=align-center|pagination=loadonclick|scrollparallax=|mouseparallax=|columncol=3|columnmasonry=|columnoffset=|listsize=|listmousemove=|captionposition=onimagehover|captionvertical=middle|captionparallax=|captionparallaxhor=|captionparallaxver=|captionalign=center|captionsize=h4|captioncolor=#FFFFFF|captioncategory=1|captioncategorysize=h8|captioncategorycolor=#FFFFFF|captioncategorypos=middle|captionbgcolor=1|captionforce=1|hovereffect=hover-scale|hovercursor=1|responsivecaption=1|responsivecaptionsize=|responsivecaptioncategorysize=|responsivelist=|responsivelistcol=|responsivelistcrop=|responsivelistratio=|responsivelistspaced=\">\n    <div class=\"sr-item portfolio-item  cat-5  item-79\" data-parallax-speed=\"0.06\"  >\n        <div class=\"portfolio-item-inner item-inner \" data-parallax-mouse=\"0.06\">\n            <div class=\"portfolio-media item-media do-anim\">\n\t\t\t\t\t\t\t\t<a href=\"https:\/\/lolosanto.com\/index.php\/portfolio\/hoshi\/\" class=\"thumb-hover hover-scale  show-caption-on-mobile readmore-element\"   data-item=\"item-79\" data-fade=\"#3b1057\" data-appearance=\"light\">\n\t\t\t\t\t<img loading=\"lazy\" decoding=\"async\" class=\"sr-image 3 square\"  data-ratio=\"1:1\" src=\"https:\/\/lolosanto.com\/wp-content\/uploads\/2022\/02\/hoshi-640x640.jpg\" srcset=\"https:\/\/lolosanto.com\/wp-content\/uploads\/2022\/02\/hoshi-640x640.jpg 640w,https:\/\/lolosanto.com\/wp-content\/uploads\/2022\/02\/hoshi-320x320.jpg 320w\" sizes=\"auto, (min-width: 768px) 80vw, 80vw\" width=\"640\" height=\"640\" alt=\"hoshi\" \/>\t\t\t\t\t<div class=\"overlay-caption text-light middle align-center  has-caption-bg hidden \" ><h3 class=\"portfolio-name caption-name h4\"><span class=\"text\">Hoshi<\/span><\/h3><span class=\"portfolio-category caption-sub h8\"><span class=\"text\">Print<\/span><\/span><\/div>\t\t\t\t<\/a>\n\t\t\t<\/div>\n\t\t\t        <\/div>\n    <\/div>\n    <div class=\"sr-item portfolio-item  cat-5  item-2723\" data-parallax-speed=\"0.01\"  >\n        <div class=\"portfolio-item-inner item-inner \" data-parallax-mouse=\"0.057\">\n            <div class=\"portfolio-media item-media do-anim\">\n\t\t\t\t\t\t\t\t<a href=\"https:\/\/lolosanto.com\/index.php\/portfolio\/om\/\" class=\"thumb-hover hover-scale  show-caption-on-mobile readmore-element\"   data-item=\"item-2723\" data-fade=\"#000\" data-appearance=\"light\">\n\t\t\t\t\t<img loading=\"lazy\" decoding=\"async\" class=\"sr-image 3 square\"  data-ratio=\"1:1\" src=\"https:\/\/lolosanto.com\/wp-content\/uploads\/2022\/02\/OM-640x640.jpg\" srcset=\"https:\/\/lolosanto.com\/wp-content\/uploads\/2022\/02\/OM-640x640.jpg 640w,https:\/\/lolosanto.com\/wp-content\/uploads\/2022\/02\/OM-320x320.jpg 320w\" sizes=\"auto, (min-width: 768px) 80vw, 80vw\" width=\"640\" height=\"640\" alt=\"OM\" \/>\t\t\t\t\t<div class=\"overlay-caption text-light middle align-center  has-caption-bg hidden \" ><h3 class=\"portfolio-name caption-name h4\"><span class=\"text\">OM<\/span><\/h3><span class=\"portfolio-category caption-sub h8\"><span class=\"text\">Print<\/span><\/span><\/div>\t\t\t\t<\/a>\n\t\t\t<\/div>\n\t\t\t        <\/div>\n    <\/div>\n    <div class=\"sr-item portfolio-item  cat-5  item-4088\" data-parallax-speed=\"0.08\"  >\n        <div class=\"portfolio-item-inner item-inner \" data-parallax-mouse=\"0.067\">\n            <div class=\"portfolio-media item-media do-anim\">\n\t\t\t\t\t\t\t\t<a href=\"https:\/\/lolosanto.com\/index.php\/portfolio\/le-caribou\/\" class=\"thumb-hover hover-scale  show-caption-on-mobile readmore-element\"   data-item=\"item-4088\" data-fade=\"#e0ab41\" data-appearance=\"light\">\n\t\t\t\t\t<img loading=\"lazy\" decoding=\"async\" class=\"sr-image 3 landscape\"  data-ratio=\"1:1\" src=\"https:\/\/lolosanto.com\/wp-content\/uploads\/2024\/04\/Carte_Cocktails_Printemps-LE-CARIBOU-HD-1-copie-640x529.jpg\" srcset=\"https:\/\/lolosanto.com\/wp-content\/uploads\/2024\/04\/Carte_Cocktails_Printemps-LE-CARIBOU-HD-1-copie-640x529.jpg 640w,https:\/\/lolosanto.com\/wp-content\/uploads\/2024\/04\/Carte_Cocktails_Printemps-LE-CARIBOU-HD-1-copie-320x264.jpg 320w\" sizes=\"auto, (min-width: 768px) 80vw, 80vw\" width=\"640\" height=\"529\" alt=\"Carte_Cocktails_Printemps-LE CARIBOU-HD-1 copie\" \/>\t\t\t\t\t<div class=\"overlay-caption text-light middle align-center  has-caption-bg hidden \" ><h3 class=\"portfolio-name caption-name h4\"><span class=\"text\">Le Caribou<\/span><\/h3><span class=\"portfolio-category caption-sub h8\"><span class=\"text\">Print<\/span><\/span><\/div>\t\t\t\t<\/a>\n\t\t\t<\/div>\n\t\t\t        <\/div>\n    <\/div>\n    <div class=\"sr-item portfolio-item  cat-7  item-4133\" data-parallax-speed=\"0.04\"  >\n        <div class=\"portfolio-item-inner item-inner \" data-parallax-mouse=\"0.013\">\n            <div class=\"portfolio-media item-media do-anim\">\n\t\t\t\t\t\t\t\t<a href=\"https:\/\/lolosanto.com\/index.php\/portfolio\/codgia-decors\/\" class=\"thumb-hover hover-scale  show-caption-on-mobile readmore-element\"   data-item=\"item-4133\" data-fade=\"#fff\" data-appearance=\"dark\">\n\t\t\t\t\t<img loading=\"lazy\" decoding=\"async\" class=\"sr-image 3 square\"  data-ratio=\"1:1\" src=\"https:\/\/lolosanto.com\/wp-content\/uploads\/2024\/04\/GR20-Illustration-640x640.jpg\" srcset=\"https:\/\/lolosanto.com\/wp-content\/uploads\/2024\/04\/GR20-Illustration-640x640.jpg 640w,https:\/\/lolosanto.com\/wp-content\/uploads\/2024\/04\/GR20-Illustration-320x320.jpg 320w\" sizes=\"auto, (min-width: 768px) 80vw, 80vw\" width=\"640\" height=\"640\" alt=\"GR20-Illustration\" \/>\t\t\t\t\t<div class=\"overlay-caption text-light middle align-center  has-caption-bg hidden \" ><h3 class=\"portfolio-name caption-name h4\"><span class=\"text\">CODGIA D\u00c9CORS<\/span><\/h3><span class=\"portfolio-category caption-sub h8\"><span class=\"text\">Illustration<\/span><\/span><\/div>\t\t\t\t<\/a>\n\t\t\t<\/div>\n\t\t\t        <\/div>\n    <\/div>\n    <div class=\"sr-item portfolio-item  cat-7 cat-5  item-2814\" data-parallax-speed=\"-0.02\"  >\n        <div class=\"portfolio-item-inner item-inner \" data-parallax-mouse=\"0.048\">\n            <div class=\"portfolio-media item-media do-anim\">\n\t\t\t\t\t\t\t\t<a href=\"https:\/\/lolosanto.com\/index.php\/portfolio\/banque-populaire-mediterannee\/\" class=\"thumb-hover hover-scale  show-caption-on-mobile readmore-element\"   data-item=\"item-2814\" data-fade=\"#000\" data-appearance=\"light\">\n\t\t\t\t\t<img loading=\"lazy\" decoding=\"async\" class=\"sr-image 3 square\"  data-ratio=\"1:1\" src=\"https:\/\/lolosanto.com\/wp-content\/uploads\/2022\/02\/BPMED-640x640.jpg\" srcset=\"https:\/\/lolosanto.com\/wp-content\/uploads\/2022\/02\/BPMED-640x640.jpg 640w,https:\/\/lolosanto.com\/wp-content\/uploads\/2022\/02\/BPMED-320x320.jpg 320w\" sizes=\"auto, (min-width: 768px) 80vw, 80vw\" width=\"640\" height=\"640\" alt=\"BPMED\" \/>\t\t\t\t\t<div class=\"overlay-caption text-light middle align-center  has-caption-bg hidden \" ><h3 class=\"portfolio-name caption-name h4\"><span class=\"text\">Banque populaire M\u00e9dit\u00e9rann\u00e9e<\/span><\/h3><span class=\"portfolio-category caption-sub h8\"><span class=\"text\">Illustration, Print<\/span><\/span><\/div>\t\t\t\t<\/a>\n\t\t\t<\/div>\n\t\t\t        <\/div>\n    <\/div>\n    <div class=\"sr-item portfolio-item  cat-7 cat-5  item-3703\" data-parallax-speed=\"-0.06\"  >\n        <div class=\"portfolio-item-inner item-inner \" data-parallax-mouse=\"0.021\">\n            <div class=\"portfolio-media item-media do-anim\">\n\t\t\t\t\t\t\t\t<a href=\"https:\/\/lolosanto.com\/index.php\/portfolio\/sweet-dream\/\" class=\"thumb-hover hover-scale  show-caption-on-mobile readmore-element\"   data-item=\"item-3703\" data-fade=\"#fff\" data-appearance=\"dark\">\n\t\t\t\t\t<img loading=\"lazy\" decoding=\"async\" class=\"sr-image 3 square\"  data-ratio=\"1:1\" src=\"https:\/\/lolosanto.com\/wp-content\/uploads\/2022\/02\/SweetDream-logo-640x640.jpg\" srcset=\"https:\/\/lolosanto.com\/wp-content\/uploads\/2022\/02\/SweetDream-logo-640x640.jpg 640w,https:\/\/lolosanto.com\/wp-content\/uploads\/2022\/02\/SweetDream-logo-320x320.jpg 320w\" sizes=\"auto, (min-width: 768px) 80vw, 80vw\" width=\"640\" height=\"640\" alt=\"SweetDream-logo\" \/>\t\t\t\t\t<div class=\"overlay-caption text-light middle align-center  has-caption-bg hidden \" ><h3 class=\"portfolio-name caption-name h4\"><span class=\"text\">Sweet Dream<\/span><\/h3><span class=\"portfolio-category caption-sub h8\"><span class=\"text\">Illustration, Print<\/span><\/span><\/div>\t\t\t\t<\/a>\n\t\t\t<\/div>\n\t\t\t        <\/div>\n    <\/div>\n    <div class=\"sr-item portfolio-item  cat-5  item-2804\" data-parallax-speed=\"-0.05\"  >\n        <div class=\"portfolio-item-inner item-inner \" data-parallax-mouse=\"0.036\">\n            <div class=\"portfolio-media item-media do-anim\">\n\t\t\t\t\t\t\t\t<a href=\"https:\/\/lolosanto.com\/index.php\/portfolio\/lunicco\/\" class=\"thumb-hover hover-scale  show-caption-on-mobile readmore-element\"   data-item=\"item-2804\" data-fade=\"#000\" data-appearance=\"light\">\n\t\t\t\t\t<img loading=\"lazy\" decoding=\"async\" class=\"sr-image 3 square\"  data-ratio=\"1:1\" src=\"https:\/\/lolosanto.com\/wp-content\/uploads\/2022\/02\/lunicco2-640x640.jpg\" srcset=\"https:\/\/lolosanto.com\/wp-content\/uploads\/2022\/02\/lunicco2-640x640.jpg 640w,https:\/\/lolosanto.com\/wp-content\/uploads\/2022\/02\/lunicco2-320x320.jpg 320w\" sizes=\"auto, (min-width: 768px) 80vw, 80vw\" width=\"640\" height=\"640\" alt=\"lunicco2\" \/>\t\t\t\t\t<div class=\"overlay-caption text-light middle align-center  has-caption-bg hidden \" ><h3 class=\"portfolio-name caption-name h4\"><span class=\"text\">L&#8217;Unicco<\/span><\/h3><span class=\"portfolio-category caption-sub h8\"><span class=\"text\">Print<\/span><\/span><\/div>\t\t\t\t<\/a>\n\t\t\t<\/div>\n\t\t\t        <\/div>\n    <\/div>\n    <div class=\"sr-item portfolio-item  cat-7 cat-5  item-2850\" data-parallax-speed=\"-0.08\"  >\n        <div class=\"portfolio-item-inner item-inner \" data-parallax-mouse=\"0.059\">\n            <div class=\"portfolio-media item-media do-anim\">\n\t\t\t\t\t\t\t\t<a href=\"https:\/\/lolosanto.com\/index.php\/portfolio\/fete-du-port-de-nice\/\" class=\"thumb-hover hover-scale  show-caption-on-mobile readmore-element\"   data-item=\"item-2850\" data-fade=\"#bf5959\" data-appearance=\"light\">\n\t\t\t\t\t<img loading=\"lazy\" decoding=\"async\" class=\"sr-image 3 square\"  data-ratio=\"1:1\" src=\"https:\/\/lolosanto.com\/wp-content\/uploads\/2022\/02\/NICE-640x640.jpg\" srcset=\"https:\/\/lolosanto.com\/wp-content\/uploads\/2022\/02\/NICE-640x640.jpg 640w,https:\/\/lolosanto.com\/wp-content\/uploads\/2022\/02\/NICE-320x320.jpg 320w\" sizes=\"auto, (min-width: 768px) 80vw, 80vw\" width=\"640\" height=\"640\" alt=\"NICE\" \/>\t\t\t\t\t<div class=\"overlay-caption text-light middle align-center  has-caption-bg hidden \" ><h3 class=\"portfolio-name caption-name h4\"><span class=\"text\">F\u00eate du port de Nice<\/span><\/h3><span class=\"portfolio-category caption-sub h8\"><span class=\"text\">Illustration, Print<\/span><\/span><\/div>\t\t\t\t<\/a>\n\t\t\t<\/div>\n\t\t\t        <\/div>\n    <\/div>\n    <div class=\"sr-item portfolio-item  cat-8 cat-7 cat-5  item-2885\" data-parallax-speed=\"-0.03\"  >\n        <div class=\"portfolio-item-inner item-inner \" data-parallax-mouse=\"0.061\">\n            <div class=\"portfolio-media item-media do-anim\">\n\t\t\t\t\t\t\t\t<a href=\"https:\/\/lolosanto.com\/index.php\/portfolio\/alpes-dazur-tourisme\/\" class=\"thumb-hover hover-scale  show-caption-on-mobile readmore-element\"   data-item=\"item-2885\" data-fade=\"#fff\" data-appearance=\"dark\">\n\t\t\t\t\t<img loading=\"lazy\" decoding=\"async\" class=\"sr-image 3 square\"  data-ratio=\"1:1\" src=\"https:\/\/lolosanto.com\/wp-content\/uploads\/2022\/02\/Alpes2-640x598.jpg\" srcset=\"https:\/\/lolosanto.com\/wp-content\/uploads\/2022\/02\/Alpes2-640x598.jpg 640w,https:\/\/lolosanto.com\/wp-content\/uploads\/2022\/02\/Alpes2-320x299.jpg 320w\" sizes=\"auto, (min-width: 768px) 80vw, 80vw\" width=\"640\" height=\"598\" alt=\"Alpes2\" \/>\t\t\t\t\t<div class=\"overlay-caption text-light middle align-center  has-caption-bg hidden \" ><h3 class=\"portfolio-name caption-name h4\"><span class=\"text\">Alpes d&#8217;Azur tourisme<\/span><\/h3><span class=\"portfolio-category caption-sub h8\"><span class=\"text\">Digital, Illustration, Print<\/span><\/span><\/div>\t\t\t\t<\/a>\n\t\t\t<\/div>\n\t\t\t        <\/div>\n    <\/div>\n    <div class=\"sr-item portfolio-item  cat-7 cat-5  item-2819\" data-parallax-speed=\"-0.02\"  >\n        <div class=\"portfolio-item-inner item-inner \" data-parallax-mouse=\"0.045\">\n            <div class=\"portfolio-media item-media do-anim\">\n\t\t\t\t\t\t\t\t<a href=\"https:\/\/lolosanto.com\/index.php\/portfolio\/les-gorges-de-daluis\/\" class=\"thumb-hover hover-scale  show-caption-on-mobile readmore-element\"   data-item=\"item-2819\" data-fade=\"#000\" data-appearance=\"light\">\n\t\t\t\t\t<img loading=\"lazy\" decoding=\"async\" class=\"sr-image 3 square\"  data-ratio=\"1:1\" src=\"https:\/\/lolosanto.com\/wp-content\/uploads\/2022\/02\/GDD2-640x640.jpg\" srcset=\"https:\/\/lolosanto.com\/wp-content\/uploads\/2022\/02\/GDD2-640x640.jpg 640w,https:\/\/lolosanto.com\/wp-content\/uploads\/2022\/02\/GDD2-320x320.jpg 320w\" sizes=\"auto, (min-width: 768px) 80vw, 80vw\" width=\"640\" height=\"640\" alt=\"GDD2\" \/>\t\t\t\t\t<div class=\"overlay-caption text-light middle align-center  has-caption-bg hidden \" ><h3 class=\"portfolio-name caption-name h4\"><span class=\"text\">Les gorges de Daluis<\/span><\/h3><span class=\"portfolio-category caption-sub h8\"><span class=\"text\">Illustration, Print<\/span><\/span><\/div>\t\t\t\t<\/a>\n\t\t\t<\/div>\n\t\t\t        <\/div>\n    <\/div>\n    <div class=\"sr-item portfolio-item  cat-7  item-2898\" data-parallax-speed=\"-0.12\"  >\n        <div class=\"portfolio-item-inner item-inner \" data-parallax-mouse=\"0.032\">\n            <div class=\"portfolio-media item-media do-anim\">\n\t\t\t\t\t\t\t\t<a href=\"https:\/\/lolosanto.com\/index.php\/portfolio\/illustrations\/\" class=\"thumb-hover hover-scale  show-caption-on-mobile readmore-element\"   data-item=\"item-2898\" data-fade=\"#d1cb1d\" data-appearance=\"dark\">\n\t\t\t\t\t<img loading=\"lazy\" decoding=\"async\" class=\"sr-image 3 portrait\"  data-ratio=\"1:1\" src=\"https:\/\/lolosanto.com\/wp-content\/uploads\/2022\/02\/fleurdeprote\u0301eA32-e1645280623636-640x825.jpg\" srcset=\"https:\/\/lolosanto.com\/wp-content\/uploads\/2022\/02\/fleurdeprote\u0301eA32-e1645280623636-640x825.jpg 640w,https:\/\/lolosanto.com\/wp-content\/uploads\/2022\/02\/fleurdeprote\u0301eA32-e1645280623636-320x413.jpg 320w\" sizes=\"auto, (min-width: 768px) 80vw, 80vw\" width=\"640\" height=\"825\" alt=\"fleurdeprote\u0301eA32\" \/>\t\t\t\t\t<div class=\"overlay-caption text-light middle align-center  has-caption-bg hidden \" ><h3 class=\"portfolio-name caption-name h4\"><span class=\"text\">Illustrations diverses<\/span><\/h3><span class=\"portfolio-category caption-sub h8\"><span class=\"text\">Illustration<\/span><\/span><\/div>\t\t\t\t<\/a>\n\t\t\t<\/div>\n\t\t\t        <\/div>\n    <\/div>\n    <div class=\"sr-item portfolio-item  cat-5  item-2809\" data-parallax-speed=\"0.12\"  >\n        <div class=\"portfolio-item-inner item-inner \" data-parallax-mouse=\"0.048\">\n            <div class=\"portfolio-media item-media do-anim\">\n\t\t\t\t\t\t\t\t<a href=\"https:\/\/lolosanto.com\/index.php\/portfolio\/urps\/\" class=\"thumb-hover hover-scale  show-caption-on-mobile readmore-element\"   data-item=\"item-2809\" data-fade=\"#d3e2e2\" data-appearance=\"dark\">\n\t\t\t\t\t<img loading=\"lazy\" decoding=\"async\" class=\"sr-image 3 square\"  data-ratio=\"1:1\" src=\"https:\/\/lolosanto.com\/wp-content\/uploads\/2022\/02\/flyer-perinatalite\u0301-OK-3-640x612.jpg\" srcset=\"https:\/\/lolosanto.com\/wp-content\/uploads\/2022\/02\/flyer-perinatalite\u0301-OK-3-640x612.jpg 640w,https:\/\/lolosanto.com\/wp-content\/uploads\/2022\/02\/flyer-perinatalite\u0301-OK-3-320x306.jpg 320w\" sizes=\"auto, (min-width: 768px) 80vw, 80vw\" width=\"640\" height=\"612\" alt=\"flyer-perinatalite\u0301-OK-3\" \/>\t\t\t\t\t<div class=\"overlay-caption text-light middle align-center  has-caption-bg hidden \" ><h3 class=\"portfolio-name caption-name h4\"><span class=\"text\">URPS<\/span><\/h3><span class=\"portfolio-category caption-sub h8\"><span class=\"text\">Print<\/span><\/span><\/div>\t\t\t\t<\/a>\n\t\t\t<\/div>\n\t\t\t        <\/div>\n    <\/div><\/div>\n\t\t\t\t<div id=\"sr-grid-1-pagination\" class=\"sr-grid-pagination load-isotope align-center\">\n\t\t\t\t\t<a \thref=\"#\" class=\"sr-button bordered\" \n\t\t\t\t\t\tdata-related-grid=\"sr-grid-1\" \n\t\t\t\t\t\tdata-method=\"loadonclick\"\n\t\t\t\t\t\tdata-shortcode=\"sr-portfolioitems\"\n\t\t\t\t\t\tdata-page=\"|paged=2|\"\n\t\t\t\t\t\tdata-pages=\"2\" \n\t\t\t\t\t\t>Load More<\/a>\n\t\t\t\t\t<span class=\"load-isotope-icon sr-loader-icon\"><\/span>\n\t\t\t\t\t<span class=\"load-message\">All items have been loaded<\/span>\n\t\t\t\t<\/div>\t\t<\/div>\n\t\t\t\t<\/div>\n\t\t\t\t\t<\/div>\n\t\t<\/div>\n\t\t\t\t\t\t\t<\/div>\n\t\t<\/section>\n\t\t\t\t\t\t<\/div>\n\t\t\t\t\t<\/div>\n\t\t","protected":false},"excerpt":{"rendered":"<p>Hello ! Welcome to my creative portfolio Filter Everything Digital Illustration Print Hoshi Print OM Print Banque populaire M\u00e9dit\u00e9rann\u00e9e Illustration, Print Sweet Dream Illustration, Print L&rsquo;Unicco Print F\u00eate du port de Nice Illustration, Print Alpes d&rsquo;Azur tourisme Digital, Illustration, Print Les gorges de Daluis Illustration, Print Illustrations diverses Illustration URPS Print Faire-part Illustration, Print Synlab [&hellip;]<\/p>\n","protected":false},"author":1,"featured_media":0,"parent":0,"menu_order":0,"comment_status":"closed","ping_status":"closed","template":"","meta":{"footnotes":""},"class_list":["post-1271","page","type-page","status-publish","hentry","isotope-item"],"_links":{"self":[{"href":"https:\/\/lolosanto.com\/index.php\/wp-json\/wp\/v2\/pages\/1271","targetHints":{"allow":["GET"]}}],"collection":[{"href":"https:\/\/lolosanto.com\/index.php\/wp-json\/wp\/v2\/pages"}],"about":[{"href":"https:\/\/lolosanto.com\/index.php\/wp-json\/wp\/v2\/types\/page"}],"author":[{"embeddable":true,"href":"https:\/\/lolosanto.com\/index.php\/wp-json\/wp\/v2\/users\/1"}],"replies":[{"embeddable":true,"href":"https:\/\/lolosanto.com\/index.php\/wp-json\/wp\/v2\/comments?post=1271"}],"version-history":[{"count":362,"href":"https:\/\/lolosanto.com\/index.php\/wp-json\/wp\/v2\/pages\/1271\/revisions"}],"predecessor-version":[{"id":4002,"href":"https:\/\/lolosanto.com\/index.php\/wp-json\/wp\/v2\/pages\/1271\/revisions\/4002"}],"wp:attachment":[{"href":"https:\/\/lolosanto.com\/index.php\/wp-json\/wp\/v2\/media?parent=1271"}],"curies":[{"name":"wp","href":"https:\/\/api.w.org\/{rel}","templated":true}]}}